{"id":16,"date":"2023-08-02T13:06:49","date_gmt":"2023-08-02T11:06:49","guid":{"rendered":"https:\/\/mhmlegal.org\/?page_id=16"},"modified":"2023-09-17T18:19:05","modified_gmt":"2023-09-17T16:19:05","slug":"contactez-nous-mhm-legal","status":"publish","type":"page","link":"https:\/\/mhmlegal.org\/index.php\/contactez-nous-mhm-legal\/","title":{"rendered":"Contactez-nous"},"content":{"rendered":"\t\t<div data-elementor-type=\"wp-page\" data-elementor-id=\"16\" class=\"elementor elementor-16\">\n\t\t\t\t\t\t<section class=\"elementor-section elementor-top-section elementor-element elementor-element-30167d9 elementor-section-boxed elementor-section-height-default elementor-section-height-default\" data-id=\"30167d9\" data-element_type=\"section\" data-e-type=\"section\">\n\t\t\t\t\t\t<div class=\"elementor-container elementor-column-gap-default\">\n\t\t\t\t\t<div class=\"elementor-column elementor-col-100 elementor-top-column elementor-element elementor-element-0b32cca\" data-id=\"0b32cca\" data-element_type=\"column\" data-e-type=\"column\">\n\t\t\t<div class=\"elementor-widget-wrap elementor-element-populated\">\n\t\t\t\t\t\t<div class=\"elementor-element elementor-element-f12319b elementor-invisible elementor-widget elementor-widget-heading\" data-id=\"f12319b\" data-element_type=\"widget\" data-e-type=\"widget\" data-settings=\"{&quot;_animation&quot;:&quot;fadeInDown&quot;}\" data-widget_type=\"heading.default\">\n\t\t\t\t<div class=\"elementor-widget-container\">\n\t\t\t\t\t<h1 class=\"elementor-heading-title elementor-size-default\">Contactez-nous <\/h1>\t\t\t\t<\/div>\n\t\t\t\t<\/div>\n\t\t\t\t\t<\/div>\n\t\t<\/div>\n\t\t\t\t\t<\/div>\n\t\t<\/section>\n\t\t\t\t<section class=\"elementor-section elementor-top-section elementor-element elementor-element-49265e2 elementor-section-boxed elementor-section-height-default elementor-section-height-default\" data-id=\"49265e2\" data-element_type=\"section\" data-e-type=\"section\">\n\t\t\t\t\t\t<div class=\"elementor-container elementor-column-gap-default\">\n\t\t\t\t\t<div class=\"elementor-column elementor-col-100 elementor-top-column elementor-element elementor-element-bc5f451\" data-id=\"bc5f451\" data-element_type=\"column\" data-e-type=\"column\">\n\t\t\t<div class=\"elementor-widget-wrap elementor-element-populated\">\n\t\t\t\t\t\t<div class=\"elementor-element elementor-element-d5f856c elementor-widget elementor-widget-text-editor\" data-id=\"d5f856c\" data-element_type=\"widget\" data-e-type=\"widget\" data-widget_type=\"text-editor.default\">\n\t\t\t\t<div class=\"elementor-widget-container\">\n\t\t\t\t\t\t\t\t\t<p>Vos march\u00e9s publics sont une source d&rsquo;h\u00e9sitation ou de frustration ? Contactez MHM Legal <strong>consultant en march\u00e9s publics<\/strong>. Ainsi, vous pourrez aborder chaque opportunit\u00e9 avec confiance. Contactez-nous d\u00e8s aujourd&rsquo;hui pour discuter de la mani\u00e8re dont nous pouvons vous aider \u00e0 atteindre de nouvelles perspectives gr\u00e2ce \u00e0 notre <strong>expertise en march\u00e9s publics.<\/strong><\/p>\t\t\t\t\t\t\t\t<\/div>\n\t\t\t\t<\/div>\n\t\t\t\t\t<\/div>\n\t\t<\/div>\n\t\t\t\t\t<\/div>\n\t\t<\/section>\n\t\t\t\t<section class=\"elementor-section elementor-top-section elementor-element elementor-element-37c7ab8 elementor-section-stretched elementor-section-boxed elementor-section-height-default elementor-section-height-default\" data-id=\"37c7ab8\" data-element_type=\"section\" data-e-type=\"section\" data-settings=\"{&quot;background_background&quot;:&quot;classic&quot;,&quot;stretch_section&quot;:&quot;section-stretched&quot;}\">\n\t\t\t\t\t\t<div class=\"elementor-container elementor-column-gap-default\">\n\t\t\t\t\t<div class=\"elementor-column elementor-col-50 elementor-top-column elementor-element elementor-element-daba6e9\" data-id=\"daba6e9\" data-element_type=\"column\" data-e-type=\"column\">\n\t\t\t<div class=\"elementor-widget-wrap elementor-element-populated\">\n\t\t\t\t\t\t<section class=\"elementor-section elementor-inner-section elementor-element elementor-element-7d06ac2 elementor-section-boxed elementor-section-height-default elementor-section-height-default\" data-id=\"7d06ac2\" data-element_type=\"section\" data-e-type=\"section\">\n\t\t\t\t\t\t<div class=\"elementor-container elementor-column-gap-default\">\n\t\t\t\t\t<div class=\"elementor-column elementor-col-100 elementor-inner-column elementor-element elementor-element-cfa98f9\" data-id=\"cfa98f9\" data-element_type=\"column\" data-e-type=\"column\">\n\t\t\t<div class=\"elementor-widget-wrap elementor-element-populated\">\n\t\t\t\t\t\t<div class=\"elementor-element elementor-element-c12ebb1 elementor-widget elementor-widget-heading\" data-id=\"c12ebb1\" data-element_type=\"widget\" data-e-type=\"widget\" data-widget_type=\"heading.default\">\n\t\t\t\t<div class=\"elementor-widget-container\">\n\t\t\t\t\t<h2 class=\"elementor-heading-title elementor-size-default\">Contactez-nous <\/h2>\t\t\t\t<\/div>\n\t\t\t\t<\/div>\n\t\t\t\t<div class=\"elementor-element elementor-element-9be8f32 elementor-widget elementor-widget-text-editor\" data-id=\"9be8f32\" data-element_type=\"widget\" data-e-type=\"widget\" data-widget_type=\"text-editor.default\">\n\t\t\t\t<div class=\"elementor-widget-container\">\n\t\t\t\t\t\t\t\t\t<p>Vous \u00eates int\u00e9ress\u00e9 par nos services de consultance ? Vous avez des questions ?\u00a0 N&rsquo;h\u00e9sitez pas \u00e0 nous contacter.<\/p><p>Ensemble, nous explorerons les solutions qui r\u00e9pondent \u00e0 vos besoins.<\/p>\t\t\t\t\t\t\t\t<\/div>\n\t\t\t\t<\/div>\n\t\t\t\t\t<\/div>\n\t\t<\/div>\n\t\t\t\t\t<\/div>\n\t\t<\/section>\n\t\t\t\t<div class=\"elementor-element elementor-element-2d94666 elementor-icon-list--layout-traditional elementor-list-item-link-full_width elementor-invisible elementor-widget elementor-widget-icon-list\" data-id=\"2d94666\" data-element_type=\"widget\" data-e-type=\"widget\" data-settings=\"{&quot;_animation&quot;:&quot;fadeIn&quot;}\" data-widget_type=\"icon-list.default\">\n\t\t\t\t<div class=\"elementor-widget-container\">\n\t\t\t\t\t\t\t<ul class=\"elementor-icon-list-items\">\n\t\t\t\t\t\t\t<li class=\"elementor-icon-list-item\">\n\t\t\t\t\t\t\t\t\t\t\t<a href=\"tel:0473510186\">\n\n\t\t\t\t\t\t\t\t\t\t\t\t<span class=\"elementor-icon-list-icon\">\n\t\t\t\t\t\t\t<i aria-hidden=\"true\" class=\"fas fa-phone-alt\"><\/i>\t\t\t\t\t\t<\/span>\n\t\t\t\t\t\t\t\t\t\t<span class=\"elementor-icon-list-text\">+32473510186<\/span>\n\t\t\t\t\t\t\t\t\t\t\t<\/a>\n\t\t\t\t\t\t\t\t\t<\/li>\n\t\t\t\t\t\t\t\t<li class=\"elementor-icon-list-item\">\n\t\t\t\t\t\t\t\t\t\t\t<a href=\"mailto:%20murielhincourt.mhmlegal@gmail.com\" target=\"_blank\">\n\n\t\t\t\t\t\t\t\t\t\t\t\t<span class=\"elementor-icon-list-icon\">\n\t\t\t\t\t\t\t<i aria-hidden=\"true\" class=\"far fa-envelope\"><\/i>\t\t\t\t\t\t<\/span>\n\t\t\t\t\t\t\t\t\t\t<span class=\"elementor-icon-list-text\">murielhincourt.mhmlegal@gmail.com<\/span>\n\t\t\t\t\t\t\t\t\t\t\t<\/a>\n\t\t\t\t\t\t\t\t\t<\/li>\n\t\t\t\t\t\t<\/ul>\n\t\t\t\t\t\t<\/div>\n\t\t\t\t<\/div>\n\t\t\t\t<div class=\"elementor-element elementor-element-bdaffa7 e-grid-align-left elementor-shape-rounded elementor-grid-0 elementor-invisible elementor-widget elementor-widget-social-icons\" data-id=\"bdaffa7\" data-element_type=\"widget\" data-e-type=\"widget\" data-settings=\"{&quot;_animation&quot;:&quot;fadeIn&quot;}\" data-widget_type=\"social-icons.default\">\n\t\t\t\t<div class=\"elementor-widget-container\">\n\t\t\t\t\t\t\t<div class=\"elementor-social-icons-wrapper elementor-grid\" role=\"list\">\n\t\t\t\t\t\t\t<span class=\"elementor-grid-item\" role=\"listitem\">\n\t\t\t\t\t<a class=\"elementor-icon elementor-social-icon elementor-social-icon-facebook elementor-repeater-item-8e8e549\" href=\"https:\/\/www.facebook.com\/profile.php?id=100086437555337\" target=\"_blank\">\n\t\t\t\t\t\t<span class=\"elementor-screen-only\">Facebook<\/span>\n\t\t\t\t\t\t<i aria-hidden=\"true\" class=\"fab fa-facebook\"><\/i>\t\t\t\t\t<\/a>\n\t\t\t\t<\/span>\n\t\t\t\t\t\t\t<span class=\"elementor-grid-item\" role=\"listitem\">\n\t\t\t\t\t<a class=\"elementor-icon elementor-social-icon elementor-social-icon-linkedin elementor-repeater-item-2f230e3\" href=\"https:\/\/www.linkedin.com\/in\/muriel-hincourt-mhmlegal\/\" target=\"_blank\">\n\t\t\t\t\t\t<span class=\"elementor-screen-only\">Linkedin<\/span>\n\t\t\t\t\t\t<i aria-hidden=\"true\" class=\"fab fa-linkedin\"><\/i>\t\t\t\t\t<\/a>\n\t\t\t\t<\/span>\n\t\t\t\t\t<\/div>\n\t\t\t\t\t\t<\/div>\n\t\t\t\t<\/div>\n\t\t\t\t<div class=\"elementor-element elementor-element-214f2f1 elementor-invisible elementor-widget elementor-widget-image\" data-id=\"214f2f1\" data-element_type=\"widget\" data-e-type=\"widget\" data-settings=\"{&quot;_animation&quot;:&quot;fadeInLeft&quot;}\" data-widget_type=\"image.default\">\n\t\t\t\t<div class=\"elementor-widget-container\">\n\t\t\t\t\t\t\t\t\t\t\t\t\t\t\t\t<a href=\"https:\/\/mhmlegal.org\/\">\n\t\t\t\t\t\t\t<img fetchpriority=\"high\" decoding=\"async\" width=\"1024\" height=\"991\" src=\"https:\/\/mhmlegal.org\/wp-content\/uploads\/2023\/08\/mhmlogo-1024x991.png\" class=\"attachment-large size-large wp-image-33\" alt=\"MHM Legal expert en march\u00e9s publics\" srcset=\"https:\/\/mhmlegal.org\/wp-content\/uploads\/2023\/08\/mhmlogo-1024x991.png 1024w, https:\/\/mhmlegal.org\/wp-content\/uploads\/2023\/08\/mhmlogo-300x290.png 300w, https:\/\/mhmlegal.org\/wp-content\/uploads\/2023\/08\/mhmlogo-768x743.png 768w, https:\/\/mhmlegal.org\/wp-content\/uploads\/2023\/08\/mhmlogo.png 1366w\" sizes=\"(max-width: 1024px) 100vw, 1024px\" \/>\t\t\t\t\t\t\t\t<\/a>\n\t\t\t\t\t\t\t\t\t\t\t\t\t\t\t<\/div>\n\t\t\t\t<\/div>\n\t\t\t\t\t<\/div>\n\t\t<\/div>\n\t\t\t\t<div class=\"elementor-column elementor-col-50 elementor-top-column elementor-element elementor-element-e6b8a61\" data-id=\"e6b8a61\" data-element_type=\"column\" data-e-type=\"column\">\n\t\t\t<div class=\"elementor-widget-wrap elementor-element-populated\">\n\t\t\t\t\t\t<div class=\"elementor-element elementor-element-dc6b968 elementor-widget elementor-widget-formidable\" data-id=\"dc6b968\" data-element_type=\"widget\" data-e-type=\"widget\" data-widget_type=\"formidable.default\">\n\t\t\t\t<div class=\"elementor-widget-container\">\n\t\t\t\t\t<div class=\"frm_forms  with_frm_style frm_style_style-formidable\" id=\"frm_form_2_container\" data-token=\"a81ea0bd3bba60b5a4d11d1cd7728c10\">\n<form enctype=\"multipart\/form-data\" method=\"post\" class=\"frm-show-form \" id=\"form_contactmhm\" data-token=\"a81ea0bd3bba60b5a4d11d1cd7728c10\">\n<div class=\"frm_form_fields \">\n<fieldset>\n<legend class=\"frm_screen_reader\">Contact MHM<\/legend>\r\n\r\n<div class=\"frm_fields_container\">\n<input type=\"hidden\" name=\"frm_action\" value=\"create\" \/>\n<input type=\"hidden\" name=\"form_id\" value=\"2\" \/>\n<input type=\"hidden\" name=\"frm_hide_fields_2\" id=\"frm_hide_fields_2\" value=\"\" \/>\n<input type=\"hidden\" name=\"form_key\" value=\"contactmhm\" \/>\n<input type=\"hidden\" name=\"item_meta[0]\" value=\"\" \/>\n<input type=\"hidden\" id=\"frm_submit_entry_2\" name=\"frm_submit_entry_2\" value=\"853495b1e4\" \/><input type=\"hidden\" name=\"_wp_http_referer\" value=\"\/index.php\/wp-json\/wp\/v2\/pages\/16\" \/><div id=\"frm_field_6_container\" class=\"frm_form_field form-field  frm_required_field frm_top_container frm6 frm_first\">\r\n    <label for=\"field_tbazq\" id=\"field_tbazq_label\" class=\"frm_primary_label\">Nom \r\n        <span class=\"frm_required\" aria-hidden=\"true\">*<\/span>\r\n    <\/label>\r\n    <input type=\"text\" id=\"field_tbazq\" name=\"item_meta[6]\" value=\"\"  data-reqmsg=\"Nom  ne peut pas \u00eatre vide.\" aria-required=\"true\" data-invmsg=\"texte est non valide\" aria-invalid=\"false\"  \/>\r\n    \r\n    \r\n<\/div>\n<div id=\"frm_field_7_container\" class=\"frm_form_field form-field  frm_required_field frm_top_container frm6\">\r\n    <label for=\"field_gz6pb\" id=\"field_gz6pb_label\" class=\"frm_primary_label\">Pr\u00e9nom\r\n        <span class=\"frm_required\" aria-hidden=\"true\">*<\/span>\r\n    <\/label>\r\n    <input type=\"text\" id=\"field_gz6pb\" name=\"item_meta[7]\" value=\"\"  data-reqmsg=\"Pr\u00e9nom ne peut pas \u00eatre vide.\" aria-required=\"true\" data-invmsg=\"texte est non valide\" aria-invalid=\"false\"  \/>\r\n    \r\n    \r\n<\/div>\n<div id=\"frm_field_8_container\" class=\"frm_form_field form-field  frm_required_field frm_top_container frm12 frm_first\">\r\n    <label for=\"field_daeyv\" id=\"field_daeyv_label\" class=\"frm_primary_label\">Email\r\n        <span class=\"frm_required\" aria-hidden=\"true\">*<\/span>\r\n    <\/label>\r\n    <input type=\"email\" id=\"field_daeyv\" name=\"item_meta[8]\" value=\"\"  data-reqmsg=\"Email ne peut pas \u00eatre vide.\" aria-required=\"true\" data-invmsg=\"Email est non valide\" aria-invalid=\"false\"  \/>\r\n    \r\n    \r\n<\/div>\n<div id=\"frm_field_12_container\" class=\"frm_form_field form-field  frm_top_container frm12 frm_first\">\n    <label for=\"field_9zkwz\" id=\"field_9zkwz_label\" class=\"frm_primary_label\">T\u00e9l\u00e9phone\n        <span class=\"frm_required\" aria-hidden=\"true\"><\/span>\n    <\/label>\n    <input type=\"tel\" id=\"field_9zkwz\" name=\"item_meta[12]\" value=\"\"  data-invmsg=\"T\u00e9l\u00e9phone est non valide\" aria-invalid=\"false\" pattern=\"((\\+\\d{1,3}(-|.| )?\\(?\\d\\)?(-| |.)?\\d{1,5})|(\\(?\\d{2,6}\\)?))(-|.| )?(\\d{3,4})(-|.| )?(\\d{4})(( x| ext)\\d{1,5}){0,1}$\"  \/>\n    \n    \n<\/div>\n<div id=\"frm_field_9_container\" class=\"frm_form_field form-field  frm_required_field frm_top_container frm12 frm_first\">\r\n    <label for=\"field_mqiuy\" id=\"field_mqiuy_label\" class=\"frm_primary_label\">Message\r\n        <span class=\"frm_required\" aria-hidden=\"true\">*<\/span>\r\n    <\/label>\r\n    <textarea name=\"item_meta[9]\" id=\"field_mqiuy\" rows=\"5\"  data-reqmsg=\"Ce champ ne peut pas \u00eatre vide\" aria-required=\"true\" data-invmsg=\"Message est non valide\" aria-invalid=\"false\"  ><\/textarea>\r\n    \r\n    \r\n<\/div>\n<div id=\"frm_field_10_container\" class=\"frm_form_field form-field  frm_required_field frm_top_container vertical_radio\">\r\n    <div  id=\"field_2u2vm_label\" class=\"frm_primary_label\">\r\n        <span class=\"frm_required\" aria-hidden=\"true\">*<\/span>\r\n    <\/div>\r\n    <div class=\"frm_opt_container\" aria-labelledby=\"field_2u2vm_label\" role=\"group\">\t\t<div class=\"frm_checkbox\" id=\"frm_checkbox_10-0\">\t\t\t<label  for=\"field_2u2vm-0\">\n\t\t\t<input type=\"checkbox\" name=\"item_meta[10][]\" id=\"field_2u2vm-0\" value=\"En soumettant ce formulaire, j&#039;accepte que les informations saisies soient exploit\u00e9es dans le cadre de la demande de contact et de la relation commerciale qui peut en d\u00e9couler.\"  data-reqmsg=\"Ce champ ne peut pas \u00eatre vide\" data-invmsg=\"Ce champ est non valide\"   aria-required=\"true\"  \/> En soumettant ce formulaire, j'accepte que les informations saisies soient exploit\u00e9es dans le cadre de la demande de contact et de la relation commerciale qui peut en d\u00e9couler.<\/label><\/div>\n<\/div>\r\n    \r\n    \r\n<\/div>\n\t<input type=\"hidden\" name=\"item_key\" value=\"\" \/>\n\t\t\t<div id=\"frm_field_13_container\">\n\t\t\t<label for=\"field_59cvy\" >\n\t\t\t\tSi vous \u00eates un humain, ne remplissez pas ce champ.\t\t\t<\/label>\n\t\t\t<input  id=\"field_59cvy\" type=\"text\" class=\"frm_form_field form-field frm_verify\" name=\"item_meta[13]\" value=\"\"  \/>\n\t\t<\/div>\n\t\t<input name=\"frm_state\" type=\"hidden\" value=\"7ds1sqIxiUo17tawiVzy1xt3DWGGVrrvMvmHy588rAw=\" \/><div class=\"frm_submit\">\r\n\r\n<button class=\"frm_button_submit\" type=\"submit\"  >Envoyer<\/button>\r\n\r\n\r\n<\/div><\/div>\n<\/fieldset>\n<\/div>\n\n<\/form>\n<\/div>\n\t\t\t\t<\/div>\n\t\t\t\t<\/div>\n\t\t\t\t\t<\/div>\n\t\t<\/div>\n\t\t\t\t\t<\/div>\n\t\t<\/section>\n\t\t\t\t<\/div>\n\t\t","protected":false},"excerpt":{"rendered":"<p>Contactez-nous Vos march\u00e9s publics sont une source d&rsquo;h\u00e9sitation ou de frustration ? Contactez MHM Legal consultant en march\u00e9s publics. Ainsi, vous pourrez aborder chaque opportunit\u00e9 avec confiance. Contactez-nous d\u00e8s aujourd&rsquo;hui pour discuter de la mani\u00e8re dont nous pouvons vous aider \u00e0 atteindre de nouvelles perspectives gr\u00e2ce \u00e0 notre expertise en march\u00e9s publics. Contactez-nous Vous \u00eates [&hellip;]<\/p>\n","protected":false},"author":1,"featured_media":107,"parent":0,"menu_order":0,"comment_status":"closed","ping_status":"closed","template":"","meta":{"footnotes":""},"class_list":["post-16","page","type-page","status-publish","has-post-thumbnail","hentry","entry","has-media"],"yoast_head":"<!-- This site is optimized with the Yoast SEO plugin v24.6 - https:\/\/yoast.com\/wordpress\/plugins\/seo\/ -->\n<title>Contactez-nous - MHM Legal - Consultance en march\u00e9s publics<\/title>\n<meta name=\"description\" content=\"Contactez-nous pour des solutions sur mesure en march\u00e9s publics. MHM Legal est l\u00e0 pour r\u00e9pondre \u00e0 vos besoins et vous accompagner.\" \/>\n<meta name=\"robots\" content=\"index, follow, max-snippet:-1, max-image-preview:large, max-video-preview:-1\" \/>\n<link rel=\"canonical\" href=\"https:\/\/mhmlegal.org\/index.php\/contactez-nous-mhm-legal\/\" \/>\n<meta property=\"og:locale\" content=\"fr_FR\" \/>\n<meta property=\"og:type\" content=\"article\" \/>\n<meta property=\"og:title\" content=\"Contactez-nous - MHM Legal - Consultance en march\u00e9s publics\" \/>\n<meta property=\"og:description\" content=\"Contactez-nous pour des solutions sur mesure en march\u00e9s publics. MHM Legal est l\u00e0 pour r\u00e9pondre \u00e0 vos besoins et vous accompagner.\" \/>\n<meta property=\"og:url\" content=\"https:\/\/mhmlegal.org\/index.php\/contactez-nous-mhm-legal\/\" \/>\n<meta property=\"og:site_name\" content=\"MHM Legal\" \/>\n<meta property=\"article:modified_time\" content=\"2023-09-17T16:19:05+00:00\" \/>\n<meta property=\"og:image\" content=\"https:\/\/mhmlegal.org\/wp-content\/uploads\/2023\/08\/cropped-mhmlogo.png\" \/>\n\t<meta property=\"og:image:width\" content=\"1363\" \/>\n\t<meta property=\"og:image:height\" content=\"1319\" \/>\n\t<meta property=\"og:image:type\" content=\"image\/png\" \/>\n<meta name=\"twitter:card\" content=\"summary_large_image\" \/>\n<meta name=\"twitter:label1\" content=\"Dur\u00e9e de lecture estim\u00e9e\" \/>\n\t<meta name=\"twitter:data1\" content=\"1 minute\" \/>\n<script type=\"application\/ld+json\" class=\"yoast-schema-graph\">{\"@context\":\"https:\/\/schema.org\",\"@graph\":[{\"@type\":\"WebPage\",\"@id\":\"https:\/\/mhmlegal.org\/index.php\/contactez-nous-mhm-legal\/\",\"url\":\"https:\/\/mhmlegal.org\/index.php\/contactez-nous-mhm-legal\/\",\"name\":\"Contactez-nous - MHM Legal - Consultance en march\u00e9s publics\",\"isPartOf\":{\"@id\":\"https:\/\/mhmlegal.org\/#website\"},\"primaryImageOfPage\":{\"@id\":\"https:\/\/mhmlegal.org\/index.php\/contactez-nous-mhm-legal\/#primaryimage\"},\"image\":{\"@id\":\"https:\/\/mhmlegal.org\/index.php\/contactez-nous-mhm-legal\/#primaryimage\"},\"thumbnailUrl\":\"https:\/\/mhmlegal.org\/wp-content\/uploads\/2023\/08\/cropped-mhmlogo.png\",\"datePublished\":\"2023-08-02T11:06:49+00:00\",\"dateModified\":\"2023-09-17T16:19:05+00:00\",\"description\":\"Contactez-nous pour des solutions sur mesure en march\u00e9s publics. MHM Legal est l\u00e0 pour r\u00e9pondre \u00e0 vos besoins et vous accompagner.\",\"breadcrumb\":{\"@id\":\"https:\/\/mhmlegal.org\/index.php\/contactez-nous-mhm-legal\/#breadcrumb\"},\"inLanguage\":\"fr-FR\",\"potentialAction\":[{\"@type\":\"ReadAction\",\"target\":[\"https:\/\/mhmlegal.org\/index.php\/contactez-nous-mhm-legal\/\"]}]},{\"@type\":\"ImageObject\",\"inLanguage\":\"fr-FR\",\"@id\":\"https:\/\/mhmlegal.org\/index.php\/contactez-nous-mhm-legal\/#primaryimage\",\"url\":\"https:\/\/mhmlegal.org\/wp-content\/uploads\/2023\/08\/cropped-mhmlogo.png\",\"contentUrl\":\"https:\/\/mhmlegal.org\/wp-content\/uploads\/2023\/08\/cropped-mhmlogo.png\",\"width\":1363,\"height\":1319,\"caption\":\"Logo MHM Legal consultant en march\u00e9s publics\"},{\"@type\":\"BreadcrumbList\",\"@id\":\"https:\/\/mhmlegal.org\/index.php\/contactez-nous-mhm-legal\/#breadcrumb\",\"itemListElement\":[{\"@type\":\"ListItem\",\"position\":1,\"name\":\"Accueil\",\"item\":\"https:\/\/mhmlegal.org\/\"},{\"@type\":\"ListItem\",\"position\":2,\"name\":\"Contactez-nous\"}]},{\"@type\":\"WebSite\",\"@id\":\"https:\/\/mhmlegal.org\/#website\",\"url\":\"https:\/\/mhmlegal.org\/\",\"name\":\"MHM Legal\",\"description\":\"Consultant en march\u00e9s publics Belgique\",\"publisher\":{\"@id\":\"https:\/\/mhmlegal.org\/#\/schema\/person\/cc48a050d72a61fd5de0efc4d9b65c32\"},\"potentialAction\":[{\"@type\":\"SearchAction\",\"target\":{\"@type\":\"EntryPoint\",\"urlTemplate\":\"https:\/\/mhmlegal.org\/?s={search_term_string}\"},\"query-input\":{\"@type\":\"PropertyValueSpecification\",\"valueRequired\":true,\"valueName\":\"search_term_string\"}}],\"inLanguage\":\"fr-FR\"},{\"@type\":[\"Person\",\"Organization\"],\"@id\":\"https:\/\/mhmlegal.org\/#\/schema\/person\/cc48a050d72a61fd5de0efc4d9b65c32\",\"name\":\"EdouardLM\",\"image\":{\"@type\":\"ImageObject\",\"inLanguage\":\"fr-FR\",\"@id\":\"https:\/\/mhmlegal.org\/#\/schema\/person\/image\/\",\"url\":\"https:\/\/mhmlegal.org\/wp-content\/uploads\/2023\/08\/cropped-mhmlogo.png\",\"contentUrl\":\"https:\/\/mhmlegal.org\/wp-content\/uploads\/2023\/08\/cropped-mhmlogo.png\",\"width\":1363,\"height\":1319,\"caption\":\"EdouardLM\"},\"logo\":{\"@id\":\"https:\/\/mhmlegal.org\/#\/schema\/person\/image\/\"},\"sameAs\":[\"https:\/\/mhmlegal.org\"]}]}<\/script>\n<!-- \/ Yoast SEO plugin. -->","yoast_head_json":{"title":"Contactez-nous - MHM Legal - Consultance en march\u00e9s publics","description":"Contactez-nous pour des solutions sur mesure en march\u00e9s publics. MHM Legal est l\u00e0 pour r\u00e9pondre \u00e0 vos besoins et vous accompagner.","robots":{"index":"index","follow":"follow","max-snippet":"max-snippet:-1","max-image-preview":"max-image-preview:large","max-video-preview":"max-video-preview:-1"},"canonical":"https:\/\/mhmlegal.org\/index.php\/contactez-nous-mhm-legal\/","og_locale":"fr_FR","og_type":"article","og_title":"Contactez-nous - MHM Legal - Consultance en march\u00e9s publics","og_description":"Contactez-nous pour des solutions sur mesure en march\u00e9s publics. MHM Legal est l\u00e0 pour r\u00e9pondre \u00e0 vos besoins et vous accompagner.","og_url":"https:\/\/mhmlegal.org\/index.php\/contactez-nous-mhm-legal\/","og_site_name":"MHM Legal","article_modified_time":"2023-09-17T16:19:05+00:00","og_image":[{"width":1363,"height":1319,"url":"https:\/\/mhmlegal.org\/wp-content\/uploads\/2023\/08\/cropped-mhmlogo.png","type":"image\/png"}],"twitter_card":"summary_large_image","twitter_misc":{"Dur\u00e9e de lecture estim\u00e9e":"1 minute"},"schema":{"@context":"https:\/\/schema.org","@graph":[{"@type":"WebPage","@id":"https:\/\/mhmlegal.org\/index.php\/contactez-nous-mhm-legal\/","url":"https:\/\/mhmlegal.org\/index.php\/contactez-nous-mhm-legal\/","name":"Contactez-nous - MHM Legal - Consultance en march\u00e9s publics","isPartOf":{"@id":"https:\/\/mhmlegal.org\/#website"},"primaryImageOfPage":{"@id":"https:\/\/mhmlegal.org\/index.php\/contactez-nous-mhm-legal\/#primaryimage"},"image":{"@id":"https:\/\/mhmlegal.org\/index.php\/contactez-nous-mhm-legal\/#primaryimage"},"thumbnailUrl":"https:\/\/mhmlegal.org\/wp-content\/uploads\/2023\/08\/cropped-mhmlogo.png","datePublished":"2023-08-02T11:06:49+00:00","dateModified":"2023-09-17T16:19:05+00:00","description":"Contactez-nous pour des solutions sur mesure en march\u00e9s publics. MHM Legal est l\u00e0 pour r\u00e9pondre \u00e0 vos besoins et vous accompagner.","breadcrumb":{"@id":"https:\/\/mhmlegal.org\/index.php\/contactez-nous-mhm-legal\/#breadcrumb"},"inLanguage":"fr-FR","potentialAction":[{"@type":"ReadAction","target":["https:\/\/mhmlegal.org\/index.php\/contactez-nous-mhm-legal\/"]}]},{"@type":"ImageObject","inLanguage":"fr-FR","@id":"https:\/\/mhmlegal.org\/index.php\/contactez-nous-mhm-legal\/#primaryimage","url":"https:\/\/mhmlegal.org\/wp-content\/uploads\/2023\/08\/cropped-mhmlogo.png","contentUrl":"https:\/\/mhmlegal.org\/wp-content\/uploads\/2023\/08\/cropped-mhmlogo.png","width":1363,"height":1319,"caption":"Logo MHM Legal consultant en march\u00e9s publics"},{"@type":"BreadcrumbList","@id":"https:\/\/mhmlegal.org\/index.php\/contactez-nous-mhm-legal\/#breadcrumb","itemListElement":[{"@type":"ListItem","position":1,"name":"Accueil","item":"https:\/\/mhmlegal.org\/"},{"@type":"ListItem","position":2,"name":"Contactez-nous"}]},{"@type":"WebSite","@id":"https:\/\/mhmlegal.org\/#website","url":"https:\/\/mhmlegal.org\/","name":"MHM Legal","description":"Consultant en march\u00e9s publics Belgique","publisher":{"@id":"https:\/\/mhmlegal.org\/#\/schema\/person\/cc48a050d72a61fd5de0efc4d9b65c32"},"potentialAction":[{"@type":"SearchAction","target":{"@type":"EntryPoint","urlTemplate":"https:\/\/mhmlegal.org\/?s={search_term_string}"},"query-input":{"@type":"PropertyValueSpecification","valueRequired":true,"valueName":"search_term_string"}}],"inLanguage":"fr-FR"},{"@type":["Person","Organization"],"@id":"https:\/\/mhmlegal.org\/#\/schema\/person\/cc48a050d72a61fd5de0efc4d9b65c32","name":"EdouardLM","image":{"@type":"ImageObject","inLanguage":"fr-FR","@id":"https:\/\/mhmlegal.org\/#\/schema\/person\/image\/","url":"https:\/\/mhmlegal.org\/wp-content\/uploads\/2023\/08\/cropped-mhmlogo.png","contentUrl":"https:\/\/mhmlegal.org\/wp-content\/uploads\/2023\/08\/cropped-mhmlogo.png","width":1363,"height":1319,"caption":"EdouardLM"},"logo":{"@id":"https:\/\/mhmlegal.org\/#\/schema\/person\/image\/"},"sameAs":["https:\/\/mhmlegal.org"]}]}},"_links":{"self":[{"href":"https:\/\/mhmlegal.org\/index.php\/wp-json\/wp\/v2\/pages\/16","targetHints":{"allow":["GET"]}}],"collection":[{"href":"https:\/\/mhmlegal.org\/index.php\/wp-json\/wp\/v2\/pages"}],"about":[{"href":"https:\/\/mhmlegal.org\/index.php\/wp-json\/wp\/v2\/types\/page"}],"author":[{"embeddable":true,"href":"https:\/\/mhmlegal.org\/index.php\/wp-json\/wp\/v2\/users\/1"}],"replies":[{"embeddable":true,"href":"https:\/\/mhmlegal.org\/index.php\/wp-json\/wp\/v2\/comments?post=16"}],"version-history":[{"count":125,"href":"https:\/\/mhmlegal.org\/index.php\/wp-json\/wp\/v2\/pages\/16\/revisions"}],"predecessor-version":[{"id":1244,"href":"https:\/\/mhmlegal.org\/index.php\/wp-json\/wp\/v2\/pages\/16\/revisions\/1244"}],"wp:featuredmedia":[{"embeddable":true,"href":"https:\/\/mhmlegal.org\/index.php\/wp-json\/wp\/v2\/media\/107"}],"wp:attachment":[{"href":"https:\/\/mhmlegal.org\/index.php\/wp-json\/wp\/v2\/media?parent=16"}],"curies":[{"name":"wp","href":"https:\/\/api.w.org\/{rel}","templated":true}]}}